{"id":6942,"date":"2025-06-17T11:26:23","date_gmt":"2025-06-17T09:26:23","guid":{"rendered":"https:\/\/resolute-leopard-f48e03.instawp.site\/?post_type=product&#038;p=6942"},"modified":"2026-04-16T23:54:16","modified_gmt":"2026-04-02T22:44:02","slug":"samauma-hape","status":"publish","type":"product","link":"https:\/\/curandero.info\/sr\/\u043f\u0440\u043e\u0438\u0437\u0432\u043e\u0434\/samauma-hape\/","title":{"rendered":"Samauma Rap\u00e9 - Ceiba Pentandra Amazona"},"content":{"rendered":"<p><strong>Tako\u0111e poznat kao <\/strong><a href=\"https:\/\/curandero.love\/what-is-rapeh\/\" target=\"_blank\" rel=\"noopener\">Rap\u00e9, Hap\u00e9, Indian Snuffs, Rome Poto.<\/a><br \/>\n<strong>Poreklo: <\/strong>Brasil<\/p>\n<p>Yurema Rap\u00e9 \u2013 dubinsko pro\u010di\u0161\u0107enje, fokus i unutra\u0161nja stabilnost <a href=\"https:\/\/curandero.love\/what-is-rapeh\/\" target=\"_blank\" rel=\"noopener\">Rape<\/a> su tradicionalni i izra\u0111uju ih starosedeoci iz mnogih razli\u010ditih plemena. Svaki<a href=\"https:\/\/curandero.love\/what-is-rapeh\/\" target=\"_blank\" rel=\"noopener\"> Rapea<\/a> is sustainably produced by the tribes with the wisdom of their elders. All rap\u00e9s contain Nicotina Rustica, ashes, a mix of plants and one plant that gives the specific power to that <a href=\"https:\/\/curandero.love\/what-is-rapeh\/\" target=\"_blank\" rel=\"noopener\">Rapea<\/a>.<\/p>\n<p><strong>Samauma Rap\u00e9 (Kapok tree) &#8211; The Tree of Spirit, the Wind of Light<\/strong><\/p>\n<p data-start=\"98\" data-end=\"309\">In the heart of the rainforest, where roots touch the stars, grows <strong data-start=\"165\" data-end=\"176\">Samauma<\/strong> \u2013 the sacred tree known among many Amazonian tribes as the <em data-start=\"236\" data-end=\"250\">Tree of Life<\/em>. Its presence is majestic, its energy subtle and elevated.<\/p>\n<p data-start=\"311\" data-end=\"541\"><strong data-start=\"311\" data-end=\"327\">Samauma rap\u00e9<\/strong> is a shamanic blend of the ash from the bark of this sacred tree and pure Amazonian tobacco (mapacho), traditionally used to <strong data-start=\"453\" data-end=\"540\">open the upper energy centers, connect with spirit guides, and expand consciousness<\/strong>.<\/p>\n<p data-start=\"543\" data-end=\"852\">This blend doesn&#8217;t ground heavily into the body like earthier rap\u00e9s \u2013 its effect is like a <strong data-start=\"634\" data-end=\"659\">wind through the soul<\/strong>: light, gentle, yet deeply penetrating. It&#8217;s perfect for moments when you need <strong data-start=\"739\" data-end=\"766\">peace, silence, clarity<\/strong>. For meditation, for listening to your inner voice, for contemplating deeper meaning.<\/p>\n<p data-start=\"854\" data-end=\"866\"><strong data-start=\"854\" data-end=\"866\">Effects:<\/strong><\/p>\n<ul data-start=\"867\" data-end=\"1079\">\n<li data-start=\"867\" data-end=\"912\">\n<p data-start=\"869\" data-end=\"912\"><strong data-start=\"311\" data-end=\"327\">Samauma rap\u00e9 <\/strong>Activates and cleanses the <strong data-start=\"896\" data-end=\"912\">crown chakra<\/strong><\/p>\n<\/li>\n<li data-start=\"913\" data-end=\"953\">\n<p data-start=\"915\" data-end=\"953\"><strong data-start=\"311\" data-end=\"327\">Samauma rap\u00e9 <\/strong>Calms the mind and supports meditation<\/p>\n<\/li>\n<li data-start=\"954\" data-end=\"1008\">\n<p data-start=\"956\" data-end=\"1008\"><strong data-start=\"311\" data-end=\"327\">Samauma rap\u00e9 <\/strong>Aids in dreamwork, intuition, and spiritual messages<\/p>\n<\/li>\n<li data-start=\"1009\" data-end=\"1079\">\n<p data-start=\"1011\" data-end=\"1079\"><strong data-start=\"311\" data-end=\"327\">Samauma rap\u00e9 <\/strong>Carries a soft, <strong data-start=\"1027\" data-end=\"1046\">feminine energy<\/strong> \u2013 nurturing, protective, guiding<\/p>\n<\/li>\n<\/ul>\n<p data-start=\"1081\" data-end=\"1244\">This rap\u00e9 is crafted by the hands of those who honor the spirit of the plant and its light. It arrives to you in purity, blessed and ready for your inner practice.<\/p>\n<p data-start=\"1081\" data-end=\"1244\">The majestic Samauma (kapok) tree has many uses for humans. Its wood is lightweight and porous; good for <b>making carvings, coffins, and dugout canoes<\/b>. The silky fibers that disperse the seeds are too small for weaving but make great stuffing for bedding and life preservers. Soaps can be made from the oils in the seeds.<\/p>\n<p><strong>Zanimljivo \u0161tivo:<\/strong><\/p>\n<p>Da li \u017eelite da saznate vi\u0161e o amazonskim autohtonim plemenima ili kulturama drugih plemena \u0161irom sveta? Pogledajte <a href=\"https:\/\/curandero.love\/blog\/\" target=\"_blank\" rel=\"noreferrer noopener\" data-type=\"URL\" data-id=\"https:\/\/curandero.love\/blog\/\">Blog<\/a><\/p>\n<div class=\"woocommerce-tabs wc-tabs-wrapper\">\n<div id=\"tab-description\" class=\"woocommerce-Tabs-panel woocommerce-Tabs-panel--description panel entry-content wc-tab\" role=\"tabpanel\" aria-labelledby=\"tab-title-description\">\n<p>&nbsp;<\/p>\n<\/div>\n<\/div>","protected":false},"excerpt":{"rendered":"<p>Rap\u00e9 od Svetog Kapok drveta \u2014 Samauma, Drvo \u017eivota u amazonskoj tradiciji. Suptilan miks za duh i unutra\u0161nju svetlost. Dok ve\u0107ina rap\u00e9a \u010disti silom, Samauma se kre\u0107e tiho jer ima pepeo od najviso\u010dijeg drveta pra\u0161ume za uzdizanje a ne uzemljenje.<\/p>","protected":false},"featured_media":6941,"comment_status":"open","ping_status":"closed","template":"","meta":{"site-sidebar-layout":"default","site-content-layout":"","ast-site-content-layout":"default","site-content-style":"default","site-sidebar-style":"default","ast-global-header-display":"","ast-banner-title-visibility":"","ast-main-header-display":"","ast-hfb-above-header-display":"","ast-hfb-below-header-display":"","ast-hfb-mobile-header-display":"","site-post-title":"","ast-breadcrumbs-content":"","ast-featured-img":"","footer-sml-layout":"","ast-disable-related-posts":"","theme-transparent-header-meta":"default","adv-header-id-meta":"","stick-header-meta":"","header-above-stick-meta":"","header-main-stick-meta":"","header-below-stick-meta":"","astra-migrate-meta-layouts":"set","ast-page-background-enabled":"default","ast-page-background-meta":{"desktop":{"background-color":"","background-image":"","background-repeat":"repeat","background-position":"center center","background-size":"auto","background-attachment":"scroll","background-type":"","background-media":"","overlay-type":"","overlay-color":"","overlay-opacity":"","overlay-gradient":""},"tablet":{"background-color":"","background-image":"","background-repeat":"repeat","background-position":"center center","background-size":"auto","background-attachment":"scroll","background-type":"","background-media":"","overlay-type":"","overlay-color":"","overlay-opacity":"","overlay-gradient":""},"mobile":{"background-color":"","background-image":"","background-repeat":"repeat","background-position":"center center","background-size":"auto","background-attachment":"scroll","background-type":"","background-media":"","overlay-type":"","overlay-color":"","overlay-opacity":"","overlay-gradient":""}},"ast-content-background-meta":{"desktop":{"background-color":"var(--ast-global-color-5)","background-image":"","background-repeat":"repeat","background-position":"center center","background-size":"auto","background-attachment":"scroll","background-type":"","background-media":"","overlay-type":"","overlay-color":"","overlay-opacity":"","overlay-gradient":""},"tablet":{"background-color":"var(--ast-global-color-5)","background-image":"","background-repeat":"repeat","background-position":"center center","background-size":"auto","background-attachment":"scroll","background-type":"","background-media":"","overlay-type":"","overlay-color":"","overlay-opacity":"","overlay-gradient":""},"mobile":{"background-color":"var(--ast-global-color-5)","background-image":"","background-repeat":"repeat","background-position":"center center","background-size":"auto","background-attachment":"scroll","background-type":"","background-media":"","overlay-type":"","overlay-color":"","overlay-opacity":"","overlay-gradient":""}}},"product_brand":[],"product_cat":[30],"product_tag":[],"class_list":{"0":"post-6942","1":"product","2":"type-product","3":"status-publish","4":"has-post-thumbnail","6":"product_cat-rape","7":"desktop-align-right","8":"tablet-align-left","9":"mobile-align-left","11":"first","12":"instock","13":"taxable","14":"shipping-taxable","15":"purchasable","16":"product-type-variable"},"_links":{"self":[{"href":"https:\/\/curandero.info\/sr\/wp-json\/wp\/v2\/product\/6942","targetHints":{"allow":["GET"]}}],"collection":[{"href":"https:\/\/curandero.info\/sr\/wp-json\/wp\/v2\/product"}],"about":[{"href":"https:\/\/curandero.info\/sr\/wp-json\/wp\/v2\/types\/product"}],"replies":[{"embeddable":true,"href":"https:\/\/curandero.info\/sr\/wp-json\/wp\/v2\/comments?post=6942"}],"version-history":[{"count":0,"href":"https:\/\/curandero.info\/sr\/wp-json\/wp\/v2\/product\/6942\/revisions"}],"wp:featuredmedia":[{"embeddable":true,"href":"https:\/\/curandero.info\/sr\/wp-json\/wp\/v2\/media\/6941"}],"wp:attachment":[{"href":"https:\/\/curandero.info\/sr\/wp-json\/wp\/v2\/media?parent=6942"}],"wp:term":[{"taxonomy":"product_brand","embeddable":true,"href":"https:\/\/curandero.info\/sr\/wp-json\/wp\/v2\/product_brand?post=6942"},{"taxonomy":"product_cat","embeddable":true,"href":"https:\/\/curandero.info\/sr\/wp-json\/wp\/v2\/product_cat?post=6942"},{"taxonomy":"product_tag","embeddable":true,"href":"https:\/\/curandero.info\/sr\/wp-json\/wp\/v2\/product_tag?post=6942"}],"curies":[{"name":"wp","href":"https:\/\/api.w.org\/{rel}","templated":true}]}}