{"id":634,"date":"2022-02-26T22:46:35","date_gmt":"2022-02-26T21:46:35","guid":{"rendered":"http:\/\/ivan.jan-geselle.com\/?post_type=product&#038;p=634"},"modified":"2026-04-16T23:54:16","modified_gmt":"2026-04-02T22:43:43","slug":"patchouli-oil","status":"publish","type":"product","link":"https:\/\/curandero.info\/sr\/\u043f\u0440\u043e\u0438\u0437\u0432\u043e\u0434\/patchouli-oil\/","title":{"rendered":"Colonia Pachuli - Pa\u010duli Ritualna Voda 20ml"},"content":{"rendered":"<h2>Colonia Pachuli -20ml-<\/h2>\n<p><em>Colonia Pachuli 20ml<\/em> \u2013 Also known as Patchouli cologne. This is the original <em>Colonia Pachuli<\/em> from Peru based on alcohol. It is used in (cleansing) rituals, shamanism, and other occult applications. And traditionally used for happiness, relationships, and love, but also after meditation or healing to soften the space. <em><strong>Caution:<\/strong> be careful with the skin and eyes. Not for internal use.<\/em><\/p>\n<p>The scent of <em>Colonia Pachuli <\/em>is earthy, sweet, warming, and soft.<\/p>\n<p>This original <em>Colonia Pachuli<\/em> is made in Peru based on Peruvian sugar cane alcohol. It has its unique composition, smells a lot fresher, and is more energetic. It is more powerful than other cheaper\/non-originals. Most Peruvian shamans use only the original for their cleansing rituals and ceremonies.<\/p>\n<p>&nbsp;<\/p>\n<p><strong><em>WARNINGS: Not for internal use. Inflammable. Careful with open fire. Use only in well-ventilated spaces. Keep out of reach of children and pets. Keep away from flammable materials.<\/em><\/strong><\/p>","protected":false},"excerpt":{"rendered":"<p>Kolonjska voda od pa\u010dulija iz Perua \u2014 zemaljska, slatka i zagrevaju\u0107a. Koristi se u ritualima \u010di\u0161\u0107enja i posle le\u010denja. Originalna peruanska formula na alkoholu od \u0161e\u0107erne trske \u2014 ja\u010da i sve\u017eija od neoriginalnih verzija.<\/p>","protected":false},"featured_media":632,"comment_status":"open","ping_status":"closed","template":"","meta":{"site-sidebar-layout":"default","site-content-layout":"default","ast-site-content-layout":"default","site-content-style":"default","site-sidebar-style":"default","ast-global-header-display":"","ast-banner-title-visibility":"","ast-main-header-display":"","ast-hfb-above-header-display":"","ast-hfb-below-header-display":"","ast-hfb-mobile-header-display":"","site-post-title":"","ast-breadcrumbs-content":"","ast-featured-img":"","footer-sml-layout":"","ast-disable-related-posts":"","theme-transparent-header-meta":"default","adv-header-id-meta":"","stick-header-meta":"","header-above-stick-meta":"","header-main-stick-meta":"","header-below-stick-meta":"","astra-migrate-meta-layouts":"set","ast-page-background-enabled":"default","ast-page-background-meta":{"desktop":{"background-color":"","background-image":"","background-repeat":"repeat","background-position":"center center","background-size":"auto","background-attachment":"scroll","background-type":"","background-media":"","overlay-type":"","overlay-color":"","overlay-opacity":"","overlay-gradient":""},"tablet":{"background-color":"","background-image":"","background-repeat":"repeat","background-position":"center center","background-size":"auto","background-attachment":"scroll","background-type":"","background-media":"","overlay-type":"","overlay-color":"","overlay-opacity":"","overlay-gradient":""},"mobile":{"background-color":"","background-image":"","background-repeat":"repeat","background-position":"center center","background-size":"auto","background-attachment":"scroll","background-type":"","background-media":"","overlay-type":"","overlay-color":"","overlay-opacity":"","overlay-gradient":""}},"ast-content-background-meta":{"desktop":{"background-color":"var(--ast-global-color-5)","background-image":"","background-repeat":"repeat","background-position":"center center","background-size":"auto","background-attachment":"scroll","background-type":"","background-media":"","overlay-type":"","overlay-color":"","overlay-opacity":"","overlay-gradient":""},"tablet":{"background-color":"var(--ast-global-color-5)","background-image":"","background-repeat":"repeat","background-position":"center center","background-size":"auto","background-attachment":"scroll","background-type":"","background-media":"","overlay-type":"","overlay-color":"","overlay-opacity":"","overlay-gradient":""},"mobile":{"background-color":"var(--ast-global-color-5)","background-image":"","background-repeat":"repeat","background-position":"center center","background-size":"auto","background-attachment":"scroll","background-type":"","background-media":"","overlay-type":"","overlay-color":"","overlay-opacity":"","overlay-gradient":""}}},"product_brand":[],"product_cat":[18,107],"product_tag":[],"class_list":{"0":"post-634","1":"product","2":"type-product","3":"status-publish","4":"has-post-thumbnail","6":"product_cat-incense","7":"product_cat-parfumes","8":"desktop-align-right","9":"tablet-align-left","10":"mobile-align-left","12":"first","13":"instock","14":"taxable","15":"shipping-taxable","16":"purchasable","17":"product-type-simple"},"_links":{"self":[{"href":"https:\/\/curandero.info\/sr\/wp-json\/wp\/v2\/product\/634","targetHints":{"allow":["GET"]}}],"collection":[{"href":"https:\/\/curandero.info\/sr\/wp-json\/wp\/v2\/product"}],"about":[{"href":"https:\/\/curandero.info\/sr\/wp-json\/wp\/v2\/types\/product"}],"replies":[{"embeddable":true,"href":"https:\/\/curandero.info\/sr\/wp-json\/wp\/v2\/comments?post=634"}],"version-history":[{"count":0,"href":"https:\/\/curandero.info\/sr\/wp-json\/wp\/v2\/product\/634\/revisions"}],"wp:featuredmedia":[{"embeddable":true,"href":"https:\/\/curandero.info\/sr\/wp-json\/wp\/v2\/media\/632"}],"wp:attachment":[{"href":"https:\/\/curandero.info\/sr\/wp-json\/wp\/v2\/media?parent=634"}],"wp:term":[{"taxonomy":"product_brand","embeddable":true,"href":"https:\/\/curandero.info\/sr\/wp-json\/wp\/v2\/product_brand?post=634"},{"taxonomy":"product_cat","embeddable":true,"href":"https:\/\/curandero.info\/sr\/wp-json\/wp\/v2\/product_cat?post=634"},{"taxonomy":"product_tag","embeddable":true,"href":"https:\/\/curandero.info\/sr\/wp-json\/wp\/v2\/product_tag?post=634"}],"curies":[{"name":"wp","href":"https:\/\/api.w.org\/{rel}","templated":true}]}}