{"id":4743,"date":"2024-05-18T19:06:06","date_gmt":"2024-05-18T17:06:06","guid":{"rendered":"https:\/\/resolute-leopard-f48e03.instawp.site\/?post_type=product&#038;p=4743"},"modified":"2026-04-16T23:54:16","modified_gmt":"2026-04-02T22:43:52","slug":"kuripe-bone","status":"publish","type":"product","link":"https:\/\/curandero.info\/sr\/\u043f\u0440\u043e\u0438\u0437\u0432\u043e\u0434\/kuripe-bone\/","title":{"rendered":"Kuripe - Rap\u00e9 Aplikator za Samoaplikaciju"},"content":{"rendered":"<div class=\"woocommerce-tabs wc-tabs-wrapper\">\n<div id=\"tab-description\" class=\"woocommerce-Tabs-panel woocommerce-Tabs-panel--description panel entry-content wc-tab\" role=\"tabpanel\" aria-labelledby=\"tab-title-description\">\n<p>A Rap\u00e9 Applicator is a tool used for the application of rap\u00e9, to yourself or to another. Our Rap\u00e9 Applicators are simple, elegant, and robust. Handmade with passion and love. Traditionally, rap\u00e9 is administered through either the Tepi or Kuripe. They have amethyst or quartz crystals.<\/p>\n<p><strong>Kuripe or Tepi?<\/strong><\/p>\n<ul>\n<li>Pripadnoici plemena <strong>Kuripe<\/strong> is for self-administration, the V-shaped form of a Kuripe connects the nostril to the mouth through which the user self blows the rap\u00e9.<\/li>\n<\/ul>\n<\/div>\n<\/div>","protected":false},"excerpt":{"rendered":"<p>Kuripe rap\u00e9 aplikator \u2014 ru\u010dno ra\u0111en i elegantan. V-oblika lula za samoaplikaciju sa ametistom. Povezuje noznicu sa ustima za samoaplikaciju \u2014 ametist ili kristal kvarca ugra\u0111en u komad, dovoljno robustan za svakodnevnu praksu.<\/p>","protected":false},"featured_media":4740,"comment_status":"open","ping_status":"closed","template":"","meta":{"site-sidebar-layout":"default","site-content-layout":"default","ast-site-content-layout":"default","site-content-style":"default","site-sidebar-style":"default","ast-global-header-display":"","ast-banner-title-visibility":"","ast-main-header-display":"","ast-hfb-above-header-display":"","ast-hfb-below-header-display":"","ast-hfb-mobile-header-display":"","site-post-title":"","ast-breadcrumbs-content":"","ast-featured-img":"","footer-sml-layout":"","ast-disable-related-posts":"","theme-transparent-header-meta":"default","adv-header-id-meta":"","stick-header-meta":"","header-above-stick-meta":"","header-main-stick-meta":"","header-below-stick-meta":"","astra-migrate-meta-layouts":"set","ast-page-background-enabled":"default","ast-page-background-meta":{"desktop":{"background-color":"","background-image":"","background-repeat":"repeat","background-position":"center center","background-size":"auto","background-attachment":"scroll","background-type":"","background-media":"","overlay-type":"","overlay-color":"","overlay-opacity":"","overlay-gradient":""},"tablet":{"background-color":"","background-image":"","background-repeat":"repeat","background-position":"center center","background-size":"auto","background-attachment":"scroll","background-type":"","background-media":"","overlay-type":"","overlay-color":"","overlay-opacity":"","overlay-gradient":""},"mobile":{"background-color":"","background-image":"","background-repeat":"repeat","background-position":"center center","background-size":"auto","background-attachment":"scroll","background-type":"","background-media":"","overlay-type":"","overlay-color":"","overlay-opacity":"","overlay-gradient":""}},"ast-content-background-meta":{"desktop":{"background-color":"var(--ast-global-color-5)","background-image":"","background-repeat":"repeat","background-position":"center center","background-size":"auto","background-attachment":"scroll","background-type":"","background-media":"","overlay-type":"","overlay-color":"","overlay-opacity":"","overlay-gradient":""},"tablet":{"background-color":"var(--ast-global-color-5)","background-image":"","background-repeat":"repeat","background-position":"center center","background-size":"auto","background-attachment":"scroll","background-type":"","background-media":"","overlay-type":"","overlay-color":"","overlay-opacity":"","overlay-gradient":""},"mobile":{"background-color":"var(--ast-global-color-5)","background-image":"","background-repeat":"repeat","background-position":"center center","background-size":"auto","background-attachment":"scroll","background-type":"","background-media":"","overlay-type":"","overlay-color":"","overlay-opacity":"","overlay-gradient":""}}},"product_brand":[],"product_cat":[30,16],"product_tag":[],"class_list":{"0":"post-4743","1":"product","2":"type-product","3":"status-publish","4":"has-post-thumbnail","6":"product_cat-rape","7":"product_cat-tools","8":"desktop-align-right","9":"tablet-align-left","10":"mobile-align-left","12":"first","13":"outofstock","14":"taxable","15":"shipping-taxable","16":"purchasable","17":"product-type-simple"},"_links":{"self":[{"href":"https:\/\/curandero.info\/sr\/wp-json\/wp\/v2\/product\/4743","targetHints":{"allow":["GET"]}}],"collection":[{"href":"https:\/\/curandero.info\/sr\/wp-json\/wp\/v2\/product"}],"about":[{"href":"https:\/\/curandero.info\/sr\/wp-json\/wp\/v2\/types\/product"}],"replies":[{"embeddable":true,"href":"https:\/\/curandero.info\/sr\/wp-json\/wp\/v2\/comments?post=4743"}],"version-history":[{"count":0,"href":"https:\/\/curandero.info\/sr\/wp-json\/wp\/v2\/product\/4743\/revisions"}],"wp:featuredmedia":[{"embeddable":true,"href":"https:\/\/curandero.info\/sr\/wp-json\/wp\/v2\/media\/4740"}],"wp:attachment":[{"href":"https:\/\/curandero.info\/sr\/wp-json\/wp\/v2\/media?parent=4743"}],"wp:term":[{"taxonomy":"product_brand","embeddable":true,"href":"https:\/\/curandero.info\/sr\/wp-json\/wp\/v2\/product_brand?post=4743"},{"taxonomy":"product_cat","embeddable":true,"href":"https:\/\/curandero.info\/sr\/wp-json\/wp\/v2\/product_cat?post=4743"},{"taxonomy":"product_tag","embeddable":true,"href":"https:\/\/curandero.info\/sr\/wp-json\/wp\/v2\/product_tag?post=4743"}],"curies":[{"name":"wp","href":"https:\/\/api.w.org\/{rel}","templated":true}]}}