{"id":3945,"date":"2023-12-08T10:16:50","date_gmt":"2023-12-08T09:16:50","guid":{"rendered":"https:\/\/resolute-leopard-f48e03.instawp.site\/?post_type=product&#038;p=3945"},"modified":"2026-04-16T23:54:16","modified_gmt":"2026-04-02T22:43:52","slug":"noble-fir-essential-oil","status":"publish","type":"product","link":"https:\/\/curandero.info\/sr\/\u043f\u0440\u043e\u0438\u0437\u0432\u043e\u0434\/noble-fir-essential-oil\/","title":{"rendered":"Jela Eteri\u010dno Ulje - Abies Procera"},"content":{"rendered":"<p><strong>Cypress Essential Oil &#8211; Noble Fir Abies Procera Pacific Northwest<\/strong> &#8211; Cypress essential oil of quality, sourced with care and authenticity.<\/p>\n<p><strong>Latinsko ime <\/strong><em>Abies procera<\/em><strong><br \/>\nTako\u0111e poznat kao <\/strong><em>Noble Fir, Red Fir, Christmas Tree<\/em><\/p>\n<p><strong>Poreklo:<\/strong> California, USA<\/p>\n<h2>Noble Fir Essential Oil<\/h2>\n<p>The concentrated spirit of the Noble Fir. This essential oil is the most effective way to get to the sensory heart of the Pacific Northwest\u2019s dense Fir forests and stand among those fragrant mountain giants. When you can\u2019t get out to a forest, bring the forest into your home with this little bottle of pure plant essence. This is a much sought after but much rarer essential oil than Siberian, Silver or Grand Fir and is used to bring out masculine, attributes to men\u0092s fragrances, bath preparations, air fresheners, herbal, moss, soaps, and shaving creams. Noble Fir needle is reported to help with arthritis, bronchitis, colds, coughs, flu, muscle aches, rheumatism, sinusitis and, of course, aromatically is very evocative. <\/p>\n<h3>How To Use Noble Fir Essential Oil:<\/h3>\n<p>Our essential oils can be used in all types of diffusers. Add a few drops in your bath or shower. Our pure plant essential oils can be added to unscented lotions and hair products, too. Or mix a few drops with organic almond or jojoba oil for an all-natural fragrance and moisturizer. <\/p>\n<h3>About Our Essential Oils:<\/h3>\n<p>All our essential oils are all-natural, clean and authentic essential oils. 100% steam-distilled and free of toxic or artificial chemicals. Made from wild-harvested and sustainably sourced plants. And are made in the USA. <em><strong>Caution: <\/strong>For external use only. Never use essential oils undiluted. Dilute in water for diffusing or carrier oil for use on skin. Always perform a small patch test as some essential oils may cause irritation. Discontinue use if irritation occurs. Avoid eyes and mucous membranes. Consult a health care practitioner before use if you are pregnant or suffering from a medical condition. Keep out of reach of children. <\/div>\n<\/div><\/em>","protected":false},"excerpt":{"rendered":"<p>Esencijalno ulje plemenite jele \u2014 divlje ubrana Abies procera, redak smolasti miris borove \u0161ume. Dovedite Pacifi\u010dki Severozapad ku\u0107i. Re\u0111a od Sibirske ili Srebrne jele \u2014 prijavljeno da poma\u017ee kod bronhitisa, sinusitisa i bolova u mi\u0161i\u0107ima aromaterapijom.<\/p>","protected":false},"featured_media":3948,"comment_status":"open","ping_status":"closed","template":"","meta":{"site-sidebar-layout":"default","site-content-layout":"default","ast-site-content-layout":"default","site-content-style":"default","site-sidebar-style":"default","ast-global-header-display":"","ast-banner-title-visibility":"","ast-main-header-display":"","ast-hfb-above-header-display":"","ast-hfb-below-header-display":"","ast-hfb-mobile-header-display":"","site-post-title":"","ast-breadcrumbs-content":"","ast-featured-img":"","footer-sml-layout":"","ast-disable-related-posts":"","theme-transparent-header-meta":"default","adv-header-id-meta":"","stick-header-meta":"","header-above-stick-meta":"","header-main-stick-meta":"","header-below-stick-meta":"","astra-migrate-meta-layouts":"set","ast-page-background-enabled":"default","ast-page-background-meta":{"desktop":{"background-color":"","background-image":"","background-repeat":"repeat","background-position":"center center","background-size":"auto","background-attachment":"scroll","background-type":"","background-media":"","overlay-type":"","overlay-color":"","overlay-opacity":"","overlay-gradient":""},"tablet":{"background-color":"","background-image":"","background-repeat":"repeat","background-position":"center center","background-size":"auto","background-attachment":"scroll","background-type":"","background-media":"","overlay-type":"","overlay-color":"","overlay-opacity":"","overlay-gradient":""},"mobile":{"background-color":"","background-image":"","background-repeat":"repeat","background-position":"center center","background-size":"auto","background-attachment":"scroll","background-type":"","background-media":"","overlay-type":"","overlay-color":"","overlay-opacity":"","overlay-gradient":""}},"ast-content-background-meta":{"desktop":{"background-color":"var(--ast-global-color-5)","background-image":"","background-repeat":"repeat","background-position":"center center","background-size":"auto","background-attachment":"scroll","background-type":"","background-media":"","overlay-type":"","overlay-color":"","overlay-opacity":"","overlay-gradient":""},"tablet":{"background-color":"var(--ast-global-color-5)","background-image":"","background-repeat":"repeat","background-position":"center center","background-size":"auto","background-attachment":"scroll","background-type":"","background-media":"","overlay-type":"","overlay-color":"","overlay-opacity":"","overlay-gradient":""},"mobile":{"background-color":"var(--ast-global-color-5)","background-image":"","background-repeat":"repeat","background-position":"center center","background-size":"auto","background-attachment":"scroll","background-type":"","background-media":"","overlay-type":"","overlay-color":"","overlay-opacity":"","overlay-gradient":""}}},"product_brand":[],"product_cat":[18],"product_tag":[],"class_list":{"0":"post-3945","1":"product","2":"type-product","3":"status-publish","4":"has-post-thumbnail","6":"product_cat-incense","7":"desktop-align-right","8":"tablet-align-left","9":"mobile-align-left","11":"first","12":"outofstock","13":"taxable","14":"shipping-taxable","15":"purchasable","16":"product-type-simple"},"_links":{"self":[{"href":"https:\/\/curandero.info\/sr\/wp-json\/wp\/v2\/product\/3945","targetHints":{"allow":["GET"]}}],"collection":[{"href":"https:\/\/curandero.info\/sr\/wp-json\/wp\/v2\/product"}],"about":[{"href":"https:\/\/curandero.info\/sr\/wp-json\/wp\/v2\/types\/product"}],"replies":[{"embeddable":true,"href":"https:\/\/curandero.info\/sr\/wp-json\/wp\/v2\/comments?post=3945"}],"version-history":[{"count":0,"href":"https:\/\/curandero.info\/sr\/wp-json\/wp\/v2\/product\/3945\/revisions"}],"wp:featuredmedia":[{"embeddable":true,"href":"https:\/\/curandero.info\/sr\/wp-json\/wp\/v2\/media\/3948"}],"wp:attachment":[{"href":"https:\/\/curandero.info\/sr\/wp-json\/wp\/v2\/media?parent=3945"}],"wp:term":[{"taxonomy":"product_brand","embeddable":true,"href":"https:\/\/curandero.info\/sr\/wp-json\/wp\/v2\/product_brand?post=3945"},{"taxonomy":"product_cat","embeddable":true,"href":"https:\/\/curandero.info\/sr\/wp-json\/wp\/v2\/product_cat?post=3945"},{"taxonomy":"product_tag","embeddable":true,"href":"https:\/\/curandero.info\/sr\/wp-json\/wp\/v2\/product_tag?post=3945"}],"curies":[{"name":"wp","href":"https:\/\/api.w.org\/{rel}","templated":true}]}}