{"id":3623,"date":"2023-10-18T15:16:07","date_gmt":"2023-10-18T13:16:07","guid":{"rendered":"https:\/\/resolute-leopard-f48e03.instawp.site\/?post_type=product&#038;p=3623"},"modified":"2026-04-16T23:54:16","modified_gmt":"2026-04-02T22:43:51","slug":"yawanawa-mulatero-rape","status":"publish","type":"product","link":"https:\/\/curandero.info\/sr\/\u043f\u0440\u043e\u0438\u0437\u0432\u043e\u0434\/yawanawa-mulatero-rape\/","title":{"rendered":"Yawanawa Mulatero Rap\u00e9 - Calycophyllum Spruceanum Amazona"},"content":{"rendered":"<p><strong>Tako\u0111e poznat kao <\/strong><a href=\"https:\/\/curandero.love\/what-is-rapeh\/\" target=\"_blank\" rel=\"noopener\">Rap\u00e9, Hap\u00e9, Indian Snuffs, Rome Poto.<\/a><br \/>\n<strong>Poreklo: <\/strong>Brasil<\/p>\n<p>Yurema Rap\u00e9 \u2013 dubinsko pro\u010di\u0161\u0107enje, fokus i unutra\u0161nja stabilnost <a href=\"https:\/\/curandero.love\/what-is-rapeh\/\" target=\"_blank\" rel=\"noopener\">Rape<\/a> su tradicionalni i izra\u0111uju ih starosedeoci iz mnogih razli\u010ditih plemena. Svaki<a href=\"https:\/\/curandero.love\/what-is-rapeh\/\" target=\"_blank\" rel=\"noopener\"> Rapea<\/a> is sustainably produced by the tribes with the wisdom of their elders. All rap\u00e9s contain Nicotina Rustica, ashes, a mix of plants and one plant that gives the specific power to that <a href=\"https:\/\/curandero.love\/what-is-rapeh\/\" target=\"_blank\" rel=\"noopener\">Rapea<\/a>.<\/p>\n<p>Rap\u00e9 Yawanaw\u00e1 Mulaterio is stronger and more intense than the majority of the ash-tobacco mixtures out there. A light gray powder with a delicate look &#8211; that is what characterizes this amazign blend. Its features give you strong leadership and a potent first impression that tends to captivate your attention right away. With a gentle and tranquil impact, you may experience a lot of power and vitality in a matter of seconds.<\/p>\n<p>The mind is free of thinking, and all else is reduced to thoughts. Mulaterio ashes (Calycophyllum spruceanum) possess anti-shock and anti-parasitic features, and they are also automated. The Mulateiro tree&#8217;s ashes are potent and effective. Its bark has revitalizing qualities and is utilized for numerous therapeutic purposes.<\/p>\n<p>Rap\u00e9 Yawanaw\u00e1 Mulaterio comes in a variety of different names among the indigenous people of the Amazon. They include names like: Forca, Rap\u00e9 Mulaterio, Capirona, Rap\u00e9 Pau-Mulato. The traditional blend comes from an experienced tribe that has been famous for producing the most reliable Rap\u00e9s. Let the mixture support your concentration and focus within your mind and soul.<\/p>\n<p><strong>Yawanaw\u00e1 Mulatero surpasses most of the other Rap\u00e9, in strength and intensity. A very delicate powder with a dark gray appearance. Strong command, strong initial experience that have a tendency to immediately consume your eyes. You can feel a lot of power and energy in moments with a subtle and calm effect.<\/strong><\/p>\n<p><strong>The mind is freed from thought, and the rest is reduced to thought. Mulaterio ashes (Calycophyllum spruceanum) are considered anti-shock, as well as anti-parasitic and are automated. The ashes from the Mulatero tree are powerful and efficient. Mulatero bark is used for its rejuvenating properties and for other healing activities. This Rape most of people connect to the first chakra and work with fears but also grounding in present moment, here and now but also creativity.<\/strong><\/p>\n<p>Would you likeo know more about the Amazon indigenous tribes or other tribes cultures around the world? Have a look at <a href=\"https:\/\/curandero.love\/blog\/\" target=\"_blank\" rel=\"noreferrer noopener\" data-type=\"URL\" data-id=\"https:\/\/curandero.love\/blog\/\">Blog<\/a><\/p>","protected":false},"excerpt":{"rendered":"<p>Rap\u00e9 od Yawanawa pleme \u2014 Mulatero miks, ja\u010di od ve\u0107ine. \u0160amanski prah za o\u0161tar fokus i energiju vo\u0111e. Pepeo Calycophyllum spruceanum nosi anti-\u0161ok i antiparazitska svojstva, snaga sti\u017ee brzo i um se odmah \u010disti od buke.<\/p>","protected":false},"featured_media":4855,"comment_status":"open","ping_status":"closed","template":"","meta":{"site-sidebar-layout":"default","site-content-layout":"default","ast-site-content-layout":"default","site-content-style":"default","site-sidebar-style":"default","ast-global-header-display":"","ast-banner-title-visibility":"","ast-main-header-display":"","ast-hfb-above-header-display":"","ast-hfb-below-header-display":"","ast-hfb-mobile-header-display":"","site-post-title":"","ast-breadcrumbs-content":"","ast-featured-img":"","footer-sml-layout":"","ast-disable-related-posts":"","theme-transparent-header-meta":"default","adv-header-id-meta":"","stick-header-meta":"","header-above-stick-meta":"","header-main-stick-meta":"","header-below-stick-meta":"","astra-migrate-meta-layouts":"set","ast-page-background-enabled":"default","ast-page-background-meta":{"desktop":{"background-color":"","background-image":"","background-repeat":"repeat","background-position":"center center","background-size":"auto","background-attachment":"scroll","background-type":"","background-media":"","overlay-type":"","overlay-color":"","overlay-opacity":"","overlay-gradient":""},"tablet":{"background-color":"","background-image":"","background-repeat":"repeat","background-position":"center center","background-size":"auto","background-attachment":"scroll","background-type":"","background-media":"","overlay-type":"","overlay-color":"","overlay-opacity":"","overlay-gradient":""},"mobile":{"background-color":"","background-image":"","background-repeat":"repeat","background-position":"center center","background-size":"auto","background-attachment":"scroll","background-type":"","background-media":"","overlay-type":"","overlay-color":"","overlay-opacity":"","overlay-gradient":""}},"ast-content-background-meta":{"desktop":{"background-color":"var(--ast-global-color-5)","background-image":"","background-repeat":"repeat","background-position":"center center","background-size":"auto","background-attachment":"scroll","background-type":"","background-media":"","overlay-type":"","overlay-color":"","overlay-opacity":"","overlay-gradient":""},"tablet":{"background-color":"var(--ast-global-color-5)","background-image":"","background-repeat":"repeat","background-position":"center center","background-size":"auto","background-attachment":"scroll","background-type":"","background-media":"","overlay-type":"","overlay-color":"","overlay-opacity":"","overlay-gradient":""},"mobile":{"background-color":"var(--ast-global-color-5)","background-image":"","background-repeat":"repeat","background-position":"center center","background-size":"auto","background-attachment":"scroll","background-type":"","background-media":"","overlay-type":"","overlay-color":"","overlay-opacity":"","overlay-gradient":""}}},"product_brand":[],"product_cat":[30],"product_tag":[],"class_list":{"0":"post-3623","1":"product","2":"type-product","3":"status-publish","4":"has-post-thumbnail","6":"product_cat-rape","7":"desktop-align-right","8":"tablet-align-left","9":"mobile-align-left","11":"first","12":"outofstock","13":"taxable","14":"shipping-taxable","15":"purchasable","16":"product-type-variable"},"_links":{"self":[{"href":"https:\/\/curandero.info\/sr\/wp-json\/wp\/v2\/product\/3623","targetHints":{"allow":["GET"]}}],"collection":[{"href":"https:\/\/curandero.info\/sr\/wp-json\/wp\/v2\/product"}],"about":[{"href":"https:\/\/curandero.info\/sr\/wp-json\/wp\/v2\/types\/product"}],"replies":[{"embeddable":true,"href":"https:\/\/curandero.info\/sr\/wp-json\/wp\/v2\/comments?post=3623"}],"version-history":[{"count":0,"href":"https:\/\/curandero.info\/sr\/wp-json\/wp\/v2\/product\/3623\/revisions"}],"wp:featuredmedia":[{"embeddable":true,"href":"https:\/\/curandero.info\/sr\/wp-json\/wp\/v2\/media\/4855"}],"wp:attachment":[{"href":"https:\/\/curandero.info\/sr\/wp-json\/wp\/v2\/media?parent=3623"}],"wp:term":[{"taxonomy":"product_brand","embeddable":true,"href":"https:\/\/curandero.info\/sr\/wp-json\/wp\/v2\/product_brand?post=3623"},{"taxonomy":"product_cat","embeddable":true,"href":"https:\/\/curandero.info\/sr\/wp-json\/wp\/v2\/product_cat?post=3623"},{"taxonomy":"product_tag","embeddable":true,"href":"https:\/\/curandero.info\/sr\/wp-json\/wp\/v2\/product_tag?post=3623"}],"curies":[{"name":"wp","href":"https:\/\/api.w.org\/{rel}","templated":true}]}}