{"id":3549,"date":"2023-09-22T11:16:41","date_gmt":"2023-09-22T09:16:41","guid":{"rendered":"https:\/\/resolute-leopard-f48e03.instawp.site\/?post_type=product&#038;p=3549"},"modified":"2026-04-16T23:54:16","modified_gmt":"2026-04-02T22:43:51","slug":"dragons-blood","status":"publish","type":"product","link":"https:\/\/curandero.info\/sr\/\u043f\u0440\u043e\u0438\u0437\u0432\u043e\u0434\/dragons-blood\/","title":{"rendered":"Sangre de Grado - Zmajeva Krv Croton Lechleri 10ml"},"content":{"rendered":"<p>SANGRE DE DRAGO<\/p>\n<p>LATIN NAME: <em>Croton lechleri<\/em><\/p>\n<p>USED PARTS OF THE PLANT:<\/p>\n<p>bark, leaves, twigs, and juice &#8211; resin<\/p>\n<p>CURATIVE PROPERTIES:<\/p>\n<p>immuno-modulation, antivirus, antibacterial, anti-flu, anti-cancer, anti-inflammation, dermato-regenerating, anti-diabetic, metabolic, anti-rheumatic<\/p>\n<p>USE IN TRADITIONAL PERUVIAN MEDICINE:<\/p>\n<ul>\n<li>Oncologic diseases<\/li>\n<li>Digestive system, diarrhea, duodenum and stomach ulcers, intestines, digestive problems, bloatedness<\/li>\n<li>TB, the flu, a cold<\/li>\n<li>Mouth ulcer, oral cavity ulcers, sore throat, throat infection, periodontitis<\/li>\n<li>Viruses, bacteria, immune system<\/li>\n<li>Eczema, pimples, acne, skin injuries, burns, scratches, insect bites, mould, mycosis<\/li>\n<li>Rheumatism<\/li>\n<\/ul>\n<p>BRIEF DESCRIPTION OF THE PLANT AND ITS PRESENCE<\/p>\n<p>Sangre de Drago, also known in Peru as Sangre de Grado, grows in the higher forests of the Andes, on the sides of gorges, at the altitude between 300 and 2000 meters above the sea level. In some locations the trees of Sangre de Drago form small woods. The tree is lean, and the bark is red and grey with white spots. It grows up to 10-20 meters high. In the top part its crown is very branchy. The leaves are large (12-30 cm long), light green, heart-shaped, covered with tiny hairs. It has many flowers \u2013 from green\/white to amber ones. The fruits are small, round, reddish, covered with hairs, and the shape resembles a dragon. When you cut the tree&#8217;s bark, the tree &#8220;bleeds&#8221; dark red liquid that resembles blood. The name &#8220;Dragon&#8217;s Blood&#8221; comes from these two things, the blood and, the fruit.<br \/>\nIt has been used in the traditional Peruvian medicine for ages. It has even been attributed some magical powers, and currently, because of its amazing properties, it seems to be more and more of an interest for scientists.<\/p>\n<p>MORE INFORMATION<\/p>\n<p>Sangre de Drago is one of the most popular gifts of the Peruvian nature, and right next to the Vilcacora it located ahead of the pack. By some, the drops of the tree are considered to be magical. It has earned the popularity by the strong anti-virus properties. It is also antibacterial, anti-mould, haemostatic, anti-cancer, antioxidant, and tonifying. It is a strong stimulant for the immune system. It supports the regeneration of the organism. Among many different substances present in Sangre de Drago \u2013 taspine seems to be the one especially worth mentioning. It is alkaloid of healing properties, it is anti-inflammatory and antibacterial. It helps to heal the wounds, and protects the mucous of the stomach. Because of that compound, Sangre is often used for treating different types of diarrhea, and as a support for treating AIDS. It has a beneficial influence on the duodenum and stomach ulcers, digestion issues, bloatedness, intestines inflammation, and Crohn&#8217;s disease.<br \/>\nThe research has pointed out strong anti-virus properties of another compound, which is effective in fighting viruses of the airways, the flu, flu-like infection, acne virus, throat inflammation, oral cavity inflammation, tonsils inflammation, angina, and hepatitis A, B, and C. It has some anti-cancer properties, it is used in case of leukemia. It is also helpful for anemia, TB, shingles, and as a support for rheumatism.<br \/>\nSangre de Drago \u2013 the Dragon&#8217;s Blood \u2013 also has impressive external application: it halts bleeding, protects against the infection, speeds up the regeneration of the skin, helps to produce new collagen.<br \/>\nIt creates a protective layer on the wounded place. Because of that the wound heals very fast. It is perfect for any kinds of wounds (also post operational) and cuts, scratches, burns, insect bites, open varicose veins, dermomycosis, dermatosis, gum bleeding, periodontitis, bleeding after tooth removal, hemorrhoids.<br \/>\nIt is an irreplaceable help in the home first aid kit.<\/p>\n<p>USE AND MOST COMMON DOSAGE<\/p>\n<p>Use Sangre de Drago once a day, 5-20 drops for small amount of water (two spoons), drink in the morning on an empty stomach. Get to that dose gradually, starting with three drops, add three more every day.<\/p>\n<p>NOTES<\/p>\n<p>Although, the clinical trials did not show any side effects, Sangre de Drago is not recommended for pregnant and breastfeeding women. Exceeding the safe dose can lead to constipation, and blood circulation disorders.<br \/>\nThe drops should be kept in a tightly sealed, cool place, and kept away from the sunlight. If they get denser or dry, dilute with water, not alcohol.<\/p>\n<p><img decoding=\"async\" class=\"img-fluid\" src=\"https:\/\/www.rostlinyzperu.cz\/userfiles\/SACHA%20INCHI\/SANGRE%20DE%20DRAGO\/SANGRE%20DE%20DRAGO\" alt=\"\" \/><img decoding=\"async\" class=\"img-fluid\" src=\"https:\/\/www.rostlinyzperu.cz\/userfiles\/SACHA%20INCHI\/SANGRE%20DE%20DRAGO\/sangre%20de%20drago%20%20zber.jpg\" alt=\"\" \/>  <img decoding=\"async\" class=\"img-fluid\" src=\"https:\/\/www.rostlinyzperu.cz\/userfiles\/SACHA%20INCHI\/SANGRE%20DE%20DRAGO\/SANGRE%20DE%20%20GRADO%20shutterstock_%20.jpg\" alt=\"\" \/><\/p>\n<p><img decoding=\"async\" class=\"img-fluid\" src=\"https:\/\/www.rostlinyzperu.cz\/userfiles\/SACHA%20INCHI\/SANGRE%20DE%20DRAGO\/sangre%20shutterstock.jpg\" alt=\"\" \/> <img decoding=\"async\" class=\"img-fluid\" src=\"https:\/\/www.rostlinyzperu.cz\/userfiles\/SACHA%20INCHI\/SANGRE%20DE%20DRAGO\/PLANTAZ%20SANGRE%20DE%20DRAGO.jpg\" alt=\"\" \/><\/p>","protected":false},"excerpt":{"rendered":"<p>Sangre de Grado iz Perua \u2014 krv drveta Amazonije. Prirodni lek za ko\u017eu, imunitet i anti-inflamaciju. Nanosi se direktno na rane, opekotine i ko\u017ene infekcije, a u tradicionalnoj peruanskoj medicini se koristi za \u0161iri spektar stanja nego bilo koja druga biljna smola.<\/p>","protected":false},"featured_media":3547,"comment_status":"open","ping_status":"closed","template":"","meta":{"site-sidebar-layout":"default","site-content-layout":"default","ast-site-content-layout":"default","site-content-style":"default","site-sidebar-style":"default","ast-global-header-display":"","ast-banner-title-visibility":"","ast-main-header-display":"","ast-hfb-above-header-display":"","ast-hfb-below-header-display":"","ast-hfb-mobile-header-display":"","site-post-title":"","ast-breadcrumbs-content":"","ast-featured-img":"","footer-sml-layout":"","ast-disable-related-posts":"","theme-transparent-header-meta":"default","adv-header-id-meta":"","stick-header-meta":"","header-above-stick-meta":"","header-main-stick-meta":"","header-below-stick-meta":"","astra-migrate-meta-layouts":"set","ast-page-background-enabled":"default","ast-page-background-meta":{"desktop":{"background-color":"","background-image":"","background-repeat":"repeat","background-position":"center center","background-size":"auto","background-attachment":"scroll","background-type":"","background-media":"","overlay-type":"","overlay-color":"","overlay-opacity":"","overlay-gradient":""},"tablet":{"background-color":"","background-image":"","background-repeat":"repeat","background-position":"center center","background-size":"auto","background-attachment":"scroll","background-type":"","background-media":"","overlay-type":"","overlay-color":"","overlay-opacity":"","overlay-gradient":""},"mobile":{"background-color":"","background-image":"","background-repeat":"repeat","background-position":"center center","background-size":"auto","background-attachment":"scroll","background-type":"","background-media":"","overlay-type":"","overlay-color":"","overlay-opacity":"","overlay-gradient":""}},"ast-content-background-meta":{"desktop":{"background-color":"var(--ast-global-color-5)","background-image":"","background-repeat":"repeat","background-position":"center center","background-size":"auto","background-attachment":"scroll","background-type":"","background-media":"","overlay-type":"","overlay-color":"","overlay-opacity":"","overlay-gradient":""},"tablet":{"background-color":"var(--ast-global-color-5)","background-image":"","background-repeat":"repeat","background-position":"center center","background-size":"auto","background-attachment":"scroll","background-type":"","background-media":"","overlay-type":"","overlay-color":"","overlay-opacity":"","overlay-gradient":""},"mobile":{"background-color":"var(--ast-global-color-5)","background-image":"","background-repeat":"repeat","background-position":"center center","background-size":"auto","background-attachment":"scroll","background-type":"","background-media":"","overlay-type":"","overlay-color":"","overlay-opacity":"","overlay-gradient":""}}},"product_brand":[],"product_cat":[17,16],"product_tag":[],"class_list":{"0":"post-3549","1":"product","2":"type-product","3":"status-publish","4":"has-post-thumbnail","6":"product_cat-herbs","7":"product_cat-tools","8":"desktop-align-right","9":"tablet-align-left","10":"mobile-align-left","12":"first","13":"outofstock","14":"taxable","15":"shipping-taxable","16":"purchasable","17":"product-type-variable"},"_links":{"self":[{"href":"https:\/\/curandero.info\/sr\/wp-json\/wp\/v2\/product\/3549","targetHints":{"allow":["GET"]}}],"collection":[{"href":"https:\/\/curandero.info\/sr\/wp-json\/wp\/v2\/product"}],"about":[{"href":"https:\/\/curandero.info\/sr\/wp-json\/wp\/v2\/types\/product"}],"replies":[{"embeddable":true,"href":"https:\/\/curandero.info\/sr\/wp-json\/wp\/v2\/comments?post=3549"}],"version-history":[{"count":0,"href":"https:\/\/curandero.info\/sr\/wp-json\/wp\/v2\/product\/3549\/revisions"}],"wp:featuredmedia":[{"embeddable":true,"href":"https:\/\/curandero.info\/sr\/wp-json\/wp\/v2\/media\/3547"}],"wp:attachment":[{"href":"https:\/\/curandero.info\/sr\/wp-json\/wp\/v2\/media?parent=3549"}],"wp:term":[{"taxonomy":"product_brand","embeddable":true,"href":"https:\/\/curandero.info\/sr\/wp-json\/wp\/v2\/product_brand?post=3549"},{"taxonomy":"product_cat","embeddable":true,"href":"https:\/\/curandero.info\/sr\/wp-json\/wp\/v2\/product_cat?post=3549"},{"taxonomy":"product_tag","embeddable":true,"href":"https:\/\/curandero.info\/sr\/wp-json\/wp\/v2\/product_tag?post=3549"}],"curies":[{"name":"wp","href":"https:\/\/api.w.org\/{rel}","templated":true}]}}