{"id":145,"date":"2021-10-21T17:34:51","date_gmt":"2021-10-21T15:34:51","guid":{"rendered":"http:\/\/ivan.jan-geselle.com\/?post_type=product&#038;p=145"},"modified":"2026-04-16T23:54:16","modified_gmt":"2026-04-02T22:43:42","slug":"shamanic-snuff","status":"publish","type":"product","link":"https:\/\/curandero.info\/sr\/\u043f\u0440\u043e\u0438\u0437\u0432\u043e\u0434\/shamanic-snuff\/","title":{"rendered":"Rom\u00e9 Mint Rap\u00e9 - Mentol Medicina Yawanawa"},"content":{"rendered":"<p><strong>Tako\u0111e poznat kao <\/strong><a href=\"https:\/\/curandero.love\/what-is-rapeh\/\" target=\"_blank\" rel=\"noopener\">Rap\u00e9, Hap\u00e9, Indian Snuffs, Rome Poto.<\/a><br \/>\n<strong>Origin: Brazil<\/strong><\/p>\n<p>All our rap\u00e9s are traditional and made by indigenous people from the many different tribes. Each rap\u00e9 is sustainably produced by the tribes with the wisdom of their elders. All rap\u00e9s contain Nicotina rustica, ashes, a mix of plants and one plant that gives the specific power to that rap\u00e9.<\/p>\n<p><strong>About the Yawanaw\u00e1 tribe: <\/strong><\/p>\n<p>The Yawanaw\u00e1 (<em>yawa<\/em>\/white-lipped peccary; <em>nawa<\/em>\/ljudi) su grupa koja pripada pano jezi\u010dkoj porodici i danas nastanjuje autohtonu teritoriju uz reku Greg\u00f3rio.<\/p>\n<p>The Yawanaw\u00e1 community is in reality a conjunction of people that includes members from other groups: Shaw\u00e3dawa (Arara), Iskunawa (nowadays known as Shan\u00eanawa, who live in a village close to the town of Feij\u00f3), Rununawa, Sainawa (generally known as Yaminaw\u00e1, who live in the Bag\u00e9 river region), and Katukina. This configuration is the end result of a sociological dynamic common to many Pano groups \u2013 alliances. Through marriage, the capture of women during warfare conflicts, the migration of families \u2013 and a series of historical contingencies.<\/p>\n<p><strong>Zanimljivo \u0161tivo:<\/strong><\/p>\n<p>Da li \u017eelite da saznate vi\u0161e o amazonskim autohtonim plemenima ili kulturama drugih plemena \u0161irom sveta? Pogledajte <a href=\"https:\/\/curandero.love\/blog\/\" target=\"_blank\" rel=\"noreferrer noopener\" data-type=\"URL\" data-id=\"https:\/\/curandero.love\/blog\/\">Blog<\/a><\/p>\n<p>&nbsp;<\/p>\n<p>&nbsp;<\/p>","protected":false},"excerpt":{"rendered":"<p>Rap\u00e9 koji prave Yawanawa pleme \u2014 Rom\u00e9 Mint za o\u0161tar fokus, jasno\u0107u i osve\u017eavaju\u0107e \u010di\u0161\u0107enje. Mentol se\u010de kroz te\u017einu i o\u0161tri pa\u017enju bez sile.<\/p>","protected":false},"featured_media":347,"comment_status":"open","ping_status":"closed","template":"","meta":{"site-sidebar-layout":"default","site-content-layout":"default","ast-site-content-layout":"","site-content-style":"","site-sidebar-style":"","ast-global-header-display":"","ast-banner-title-visibility":"","ast-main-header-display":"","ast-hfb-above-header-display":"","ast-hfb-below-header-display":"","ast-hfb-mobile-header-display":"","site-post-title":"","ast-breadcrumbs-content":"","ast-featured-img":"","footer-sml-layout":"","ast-disable-related-posts":"","theme-transparent-header-meta":"default","adv-header-id-meta":"","stick-header-meta":"","header-above-stick-meta":"","header-main-stick-meta":"","header-below-stick-meta":"","astra-migrate-meta-layouts":"","ast-page-background-enabled":"default","ast-page-background-meta":{"desktop":{"background-color":"","background-image":"","background-repeat":"repeat","background-position":"center center","background-size":"auto","background-attachment":"scroll","background-type":"","background-media":"","overlay-type":"","overlay-color":"","overlay-opacity":"","overlay-gradient":""},"tablet":{"background-color":"","background-image":"","background-repeat":"repeat","background-position":"center center","background-size":"auto","background-attachment":"scroll","background-type":"","background-media":"","overlay-type":"","overlay-color":"","overlay-opacity":"","overlay-gradient":""},"mobile":{"background-color":"","background-image":"","background-repeat":"repeat","background-position":"center center","background-size":"auto","background-attachment":"scroll","background-type":"","background-media":"","overlay-type":"","overlay-color":"","overlay-opacity":"","overlay-gradient":""}},"ast-content-background-meta":{"desktop":{"background-color":"var(--ast-global-color-5)","background-image":"","background-repeat":"repeat","background-position":"center center","background-size":"auto","background-attachment":"scroll","background-type":"","background-media":"","overlay-type":"","overlay-color":"","overlay-opacity":"","overlay-gradient":""},"tablet":{"background-color":"var(--ast-global-color-5)","background-image":"","background-repeat":"repeat","background-position":"center center","background-size":"auto","background-attachment":"scroll","background-type":"","background-media":"","overlay-type":"","overlay-color":"","overlay-opacity":"","overlay-gradient":""},"mobile":{"background-color":"var(--ast-global-color-5)","background-image":"","background-repeat":"repeat","background-position":"center center","background-size":"auto","background-attachment":"scroll","background-type":"","background-media":"","overlay-type":"","overlay-color":"","overlay-opacity":"","overlay-gradient":""}}},"product_brand":[],"product_cat":[30],"product_tag":[],"class_list":{"0":"post-145","1":"product","2":"type-product","3":"status-publish","4":"has-post-thumbnail","6":"product_cat-rape","7":"desktop-align-right","8":"tablet-align-left","9":"mobile-align-left","11":"first","12":"outofstock","13":"taxable","14":"shipping-taxable","15":"purchasable","16":"product-type-variable","17":"has-default-attributes"},"_links":{"self":[{"href":"https:\/\/curandero.info\/sr\/wp-json\/wp\/v2\/product\/145","targetHints":{"allow":["GET"]}}],"collection":[{"href":"https:\/\/curandero.info\/sr\/wp-json\/wp\/v2\/product"}],"about":[{"href":"https:\/\/curandero.info\/sr\/wp-json\/wp\/v2\/types\/product"}],"replies":[{"embeddable":true,"href":"https:\/\/curandero.info\/sr\/wp-json\/wp\/v2\/comments?post=145"}],"version-history":[{"count":0,"href":"https:\/\/curandero.info\/sr\/wp-json\/wp\/v2\/product\/145\/revisions"}],"wp:featuredmedia":[{"embeddable":true,"href":"https:\/\/curandero.info\/sr\/wp-json\/wp\/v2\/media\/347"}],"wp:attachment":[{"href":"https:\/\/curandero.info\/sr\/wp-json\/wp\/v2\/media?parent=145"}],"wp:term":[{"taxonomy":"product_brand","embeddable":true,"href":"https:\/\/curandero.info\/sr\/wp-json\/wp\/v2\/product_brand?post=145"},{"taxonomy":"product_cat","embeddable":true,"href":"https:\/\/curandero.info\/sr\/wp-json\/wp\/v2\/product_cat?post=145"},{"taxonomy":"product_tag","embeddable":true,"href":"https:\/\/curandero.info\/sr\/wp-json\/wp\/v2\/product_tag?post=145"}],"curies":[{"name":"wp","href":"https:\/\/api.w.org\/{rel}","templated":true}]}}