{"id":139,"date":"2021-10-21T17:26:58","date_gmt":"2021-10-21T15:26:58","guid":{"rendered":"http:\/\/ivan.jan-geselle.com\/?post_type=product&#038;p=139"},"modified":"2026-04-16T23:54:16","modified_gmt":"2026-04-02T22:43:42","slug":"hape","status":"publish","type":"product","link":"https:\/\/curandero.info\/sr\/\u043f\u0440\u043e\u0438\u0437\u0432\u043e\u0434\/hape\/","title":{"rendered":"Kashinawa Rap\u00e9 - Tradicija Brazila"},"content":{"rendered":"<p><strong>Tako\u0111e poznat kao <\/strong><a href=\"https:\/\/curandero.love\/what-is-rapeh\/\" target=\"_blank\" rel=\"noopener\">Rap\u00e9, Hap\u00e9, Indian Snuffs, Rome Poto.<\/a><br \/>\n<strong>Poreklo: <\/strong>Brasil<\/p>\n<p>Yurema Rap\u00e9 \u2013 dubinsko pro\u010di\u0161\u0107enje, fokus i unutra\u0161nja stabilnost <a href=\"https:\/\/curandero.love\/what-is-rapeh\/\" target=\"_blank\" rel=\"noopener\">Rape<\/a> su tradicionalni i izra\u0111uju ih starosedeoci iz mnogih razli\u010ditih plemena. Svaki<a href=\"https:\/\/curandero.love\/what-is-rapeh\/\" target=\"_blank\" rel=\"noopener\"> Rapea<\/a> is sustainably produced by the tribes with the wisdom of their elders. All rap\u00e9s contain Nicotina Rustica, ashes, a mix of plants and one plant that gives the specific power to that <a href=\"https:\/\/curandero.love\/what-is-rapeh\/\" target=\"_blank\" rel=\"noopener\">Rapea<\/a>.<\/p>\n<p><strong>Rap\u00e9 in the Kashinawa tribe is using for various purposes, such as relieving physical pain and headaches, cleaning the sinuses and relieving clogging. In addition, Kaxinawa uses Rap\u00e9 for mental healing what allows us to be more present in here and now, mainly in conjunction with chanting. Rap\u00e9 connects the tribe with the jungle spirits and &#8211; depending on the exact ingredients &#8211; can heal, increase concentration, improve hunting or be a spiritual link.<\/strong><\/p>\n<p><strong>U vezi <a href=\"https:\/\/curandero.love\/kaxinawa\/\" target=\"_blank\" rel=\"noopener\">Kaxinaw\u00e1<\/a> plemena : <\/strong><\/p>\n<p>Pripadnoici plemena <a href=\"https:\/\/curandero.love\/kaxinawa\/\" target=\"_blank\" rel=\"noopener\">Kash<\/a><a href=\"https:\/\/curandero.love\/kaxinawa\/\" target=\"_blank\" rel=\"noopener\">inaw\u00e1<\/a> people (<a href=\"https:\/\/curandero.love\/kaxinawa\/\" target=\"_blank\" rel=\"noopener\">Huni Kuin<\/a>) are indigenous people of Brazil and Peru. The <a href=\"https:\/\/curandero.love\/kaxinawa\/\" target=\"_blank\" rel=\"noopener\">Kashinaw\u00e1<\/a> are also known as the Cashinau\u00e1, Caxinau\u00e1. This name come from Kaxi or &#8220;bat&#8221; and Nawa meaning people but may also mean people who walk about at night. Their autonym is <a href=\"https:\/\/curandero.love\/kaxinawa\/\" target=\"_blank\" rel=\"noopener\">Huni Kuin<\/a> or &#8220;real men&#8221; or &#8220;true people&#8221;, from huni, &#8220;man&#8221;, and kuin meaning &#8220;real&#8221; or &#8220;true&#8221;. Their language belongs to the Pano linguistic family, which they call hatxa-Kuin (true language). The population is approximately 4,000 people. The <a href=\"https:\/\/curandero.love\/kaxinawa\/\" target=\"_blank\" rel=\"noopener\">Kashinawa<\/a> account for 42% of the indigenous population of Acre state in Western Brazil.<\/p>\n<p><strong>Zanimljivo \u0161tivo:<\/strong><\/p>\n<p>Da li \u017eelite da saznate vi\u0161e o amazonskim autohtonim plemenima ili kulturama drugih plemena \u0161irom sveta? Pogledajte <a href=\"https:\/\/curandero.love\/blog\/\" target=\"_blank\" rel=\"noreferrer noopener\" data-type=\"URL\" data-id=\"https:\/\/curandero.love\/blog\/\">Blog<\/a><\/p>","protected":false},"excerpt":{"rendered":"<p>Rap\u00e9 iz tradicije Kashinawa naroda Brazila \u2014 \u0161amanski prah za jasno\u0107u, uzemljenje i \u010di\u0161\u0107enje sinusa. Koristi se unutar plemena za ubla\u017eavanje bola i dono\u0161enje prisutnosti, posebno u kombinaciji sa pevanjem.<\/p>","protected":false},"featured_media":344,"comment_status":"open","ping_status":"closed","template":"","meta":{"site-sidebar-layout":"default","site-content-layout":"default","ast-site-content-layout":"default","site-content-style":"default","site-sidebar-style":"default","ast-global-header-display":"","ast-banner-title-visibility":"","ast-main-header-display":"","ast-hfb-above-header-display":"","ast-hfb-below-header-display":"","ast-hfb-mobile-header-display":"","site-post-title":"","ast-breadcrumbs-content":"","ast-featured-img":"","footer-sml-layout":"","ast-disable-related-posts":"","theme-transparent-header-meta":"default","adv-header-id-meta":"","stick-header-meta":"","header-above-stick-meta":"","header-main-stick-meta":"","header-below-stick-meta":"","astra-migrate-meta-layouts":"set","ast-page-background-enabled":"default","ast-page-background-meta":{"desktop":{"background-color":"","background-image":"","background-repeat":"repeat","background-position":"center center","background-size":"auto","background-attachment":"scroll","background-type":"","background-media":"","overlay-type":"","overlay-color":"","overlay-opacity":"","overlay-gradient":""},"tablet":{"background-color":"","background-image":"","background-repeat":"repeat","background-position":"center center","background-size":"auto","background-attachment":"scroll","background-type":"","background-media":"","overlay-type":"","overlay-color":"","overlay-opacity":"","overlay-gradient":""},"mobile":{"background-color":"","background-image":"","background-repeat":"repeat","background-position":"center center","background-size":"auto","background-attachment":"scroll","background-type":"","background-media":"","overlay-type":"","overlay-color":"","overlay-opacity":"","overlay-gradient":""}},"ast-content-background-meta":{"desktop":{"background-color":"var(--ast-global-color-5)","background-image":"","background-repeat":"repeat","background-position":"center center","background-size":"auto","background-attachment":"scroll","background-type":"","background-media":"","overlay-type":"","overlay-color":"","overlay-opacity":"","overlay-gradient":""},"tablet":{"background-color":"var(--ast-global-color-5)","background-image":"","background-repeat":"repeat","background-position":"center center","background-size":"auto","background-attachment":"scroll","background-type":"","background-media":"","overlay-type":"","overlay-color":"","overlay-opacity":"","overlay-gradient":""},"mobile":{"background-color":"var(--ast-global-color-5)","background-image":"","background-repeat":"repeat","background-position":"center center","background-size":"auto","background-attachment":"scroll","background-type":"","background-media":"","overlay-type":"","overlay-color":"","overlay-opacity":"","overlay-gradient":""}}},"product_brand":[],"product_cat":[30],"product_tag":[],"class_list":{"0":"post-139","1":"product","2":"type-product","3":"status-publish","4":"has-post-thumbnail","6":"product_cat-rape","7":"desktop-align-right","8":"tablet-align-left","9":"mobile-align-left","11":"first","12":"outofstock","13":"taxable","14":"shipping-taxable","15":"purchasable","16":"product-type-variable","17":"has-default-attributes"},"_links":{"self":[{"href":"https:\/\/curandero.info\/sr\/wp-json\/wp\/v2\/product\/139","targetHints":{"allow":["GET"]}}],"collection":[{"href":"https:\/\/curandero.info\/sr\/wp-json\/wp\/v2\/product"}],"about":[{"href":"https:\/\/curandero.info\/sr\/wp-json\/wp\/v2\/types\/product"}],"replies":[{"embeddable":true,"href":"https:\/\/curandero.info\/sr\/wp-json\/wp\/v2\/comments?post=139"}],"version-history":[{"count":0,"href":"https:\/\/curandero.info\/sr\/wp-json\/wp\/v2\/product\/139\/revisions"}],"wp:featuredmedia":[{"embeddable":true,"href":"https:\/\/curandero.info\/sr\/wp-json\/wp\/v2\/media\/344"}],"wp:attachment":[{"href":"https:\/\/curandero.info\/sr\/wp-json\/wp\/v2\/media?parent=139"}],"wp:term":[{"taxonomy":"product_brand","embeddable":true,"href":"https:\/\/curandero.info\/sr\/wp-json\/wp\/v2\/product_brand?post=139"},{"taxonomy":"product_cat","embeddable":true,"href":"https:\/\/curandero.info\/sr\/wp-json\/wp\/v2\/product_cat?post=139"},{"taxonomy":"product_tag","embeddable":true,"href":"https:\/\/curandero.info\/sr\/wp-json\/wp\/v2\/product_tag?post=139"}],"curies":[{"name":"wp","href":"https:\/\/api.w.org\/{rel}","templated":true}]}}